{"id":5218,"date":"2019-10-02T17:10:16","date_gmt":"2019-10-02T20:10:16","guid":{"rendered":"http:\/\/josapar.com.br\/?page_id=5218"},"modified":"2022-02-10T13:44:30","modified_gmt":"2022-02-10T16:44:30","slug":"trabalho-conosco","status":"publish","type":"page","link":"https:\/\/josapar.com.br\/es\/trabalho-conosco\/","title":{"rendered":"Trabaje con nosotros"},"content":{"rendered":"\n<p>Desarrolle su potencial y crezca junto con una de las mayores industrias de alimentos de Brasil.\u00a0<\/p>\n\n\n<div role=\"form\" class=\"wpcf7\" id=\"wpcf7-f5217-o1\" lang=\"pt-BR\" dir=\"ltr\">\n<div class=\"screen-reader-response\"><p role=\"status\" aria-live=\"polite\" aria-atomic=\"true\"><\/p> <ul><\/ul><\/div>\n<form action=\"\/es\/wp-json\/wp\/v2\/pages\/5218#wpcf7-f5217-o1\" method=\"post\" class=\"wpcf7-form init\" enctype=\"multipart\/form-data\" novalidate=\"novalidate\" data-status=\"init\">\n<div style=\"display: none;\">\n<input type=\"hidden\" name=\"_wpcf7\" value=\"5217\" \/>\n<input type=\"hidden\" name=\"_wpcf7_version\" value=\"5.5.4\" \/>\n<input type=\"hidden\" name=\"_wpcf7_locale\" value=\"pt_BR\" \/>\n<input type=\"hidden\" name=\"_wpcf7_unit_tag\" value=\"wpcf7-f5217-o1\" \/>\n<input type=\"hidden\" name=\"_wpcf7_container_post\" value=\"0\" \/>\n<input type=\"hidden\" name=\"_wpcf7_posted_data_hash\" value=\"\" \/>\n<input type=\"hidden\" name=\"_wpcf7cf_hidden_group_fields\" value=\"\" \/>\n<input type=\"hidden\" name=\"_wpcf7cf_hidden_groups\" value=\"\" \/>\n<input type=\"hidden\" name=\"_wpcf7cf_visible_groups\" value=\"\" \/>\n<input type=\"hidden\" name=\"_wpcf7cf_repeaters\" value=\"[]\" \/>\n<input type=\"hidden\" name=\"_wpcf7cf_steps\" value=\"{}\" \/>\n<input type=\"hidden\" name=\"_wpcf7cf_options\" value=\"{&quot;form_id&quot;:5217,&quot;conditions&quot;:[{&quot;then_field&quot;:&quot;group-func-ti&quot;,&quot;and_rules&quot;:[{&quot;if_field&quot;:&quot;atuacao&quot;,&quot;operator&quot;:&quot;equals&quot;,&quot;if_value&quot;:&quot;T\\u00e9cnologia da Informa\\u00e7\\u00e3o&quot;}]},{&quot;then_field&quot;:&quot;group-func-rh&quot;,&quot;and_rules&quot;:[{&quot;if_field&quot;:&quot;atuacao&quot;,&quot;operator&quot;:&quot;equals&quot;,&quot;if_value&quot;:&quot;Recursos Humanos&quot;}]},{&quot;then_field&quot;:&quot;group-func-cont&quot;,&quot;and_rules&quot;:[{&quot;if_field&quot;:&quot;atuacao&quot;,&quot;operator&quot;:&quot;equals&quot;,&quot;if_value&quot;:&quot;Contabilidade&quot;}]},{&quot;then_field&quot;:&quot;group-func-fin&quot;,&quot;and_rules&quot;:[{&quot;if_field&quot;:&quot;atuacao&quot;,&quot;operator&quot;:&quot;equals&quot;,&quot;if_value&quot;:&quot;Financeiro&quot;}]},{&quot;then_field&quot;:&quot;group-func-adm&quot;,&quot;and_rules&quot;:[{&quot;if_field&quot;:&quot;atuacao&quot;,&quot;operator&quot;:&quot;equals&quot;,&quot;if_value&quot;:&quot;Administrativo&quot;}]},{&quot;then_field&quot;:&quot;group-func-fs&quot;,&quot;and_rules&quot;:[{&quot;if_field&quot;:&quot;atuacao&quot;,&quot;operator&quot;:&quot;equals&quot;,&quot;if_value&quot;:&quot;Fiscal&quot;}]},{&quot;then_field&quot;:&quot;group-func-com&quot;,&quot;and_rules&quot;:[{&quot;if_field&quot;:&quot;atuacao&quot;,&quot;operator&quot;:&quot;equals&quot;,&quot;if_value&quot;:&quot;Comercial&quot;}]},{&quot;then_field&quot;:&quot;group-func-mkt&quot;,&quot;and_rules&quot;:[{&quot;if_field&quot;:&quot;atuacao&quot;,&quot;operator&quot;:&quot;equals&quot;,&quot;if_value&quot;:&quot;Marketing&quot;}]},{&quot;then_field&quot;:&quot;group-func-lg&quot;,&quot;and_rules&quot;:[{&quot;if_field&quot;:&quot;atuacao&quot;,&quot;operator&quot;:&quot;equals&quot;,&quot;if_value&quot;:&quot;Log\\u00edstica&quot;}]},{&quot;then_field&quot;:&quot;group-func-ind&quot;,&quot;and_rules&quot;:[{&quot;if_field&quot;:&quot;atuacao&quot;,&quot;operator&quot;:&quot;equals&quot;,&quot;if_value&quot;:&quot;Ind\\u00fastria&quot;}]}],&quot;settings&quot;:{&quot;animation&quot;:&quot;yes&quot;,&quot;animation_intime&quot;:200,&quot;animation_outtime&quot;:200,&quot;conditions_ui&quot;:&quot;normal&quot;,&quot;notice_dismissed&quot;:false}}\" \/>\n<\/div>\n<div class=\"wrapper\">\n<div class=\"cols cols__six\">\n    <span class=\"wpcf7-form-control-wrap nome\"><input type=\"text\" name=\"nome\" value=\"\" size=\"40\" class=\"wpcf7-form-control wpcf7-text wpcf7-validates-as-required\" aria-required=\"true\" aria-invalid=\"false\" placeholder=\"Nombre completo*\" \/><\/span>\n  <\/div>\n<div class=\"cols cols__four\">\n    <span class=\"wpcf7-form-control-wrap nascimento\"><input type=\"text\" name=\"nascimento\" value=\"\" size=\"40\" class=\"wpcf7-form-control wpcf7-text wpcf7-validates-as-required date\" aria-required=\"true\" aria-invalid=\"false\" placeholder=\"Fecha de nacimiento*\" \/><\/span>\n  <\/div>\n<div class=\"cols cols__four\">\n    <span class=\"wpcf7-form-control-wrap cep\"><input type=\"text\" name=\"cep\" value=\"\" size=\"40\" class=\"wpcf7-form-control wpcf7-text wpcf7-validates-as-required cf7-cep-autofill\" aria-required=\"true\" aria-invalid=\"false\" placeholder=\"C\u00f3digo Postal*\" \/><\/span>\n  <\/div>\n<div class=\"cols cols__six\">\n    <span class=\"wpcf7-form-control-wrap endereco\"><input type=\"text\" name=\"endereco\" value=\"\" size=\"40\" class=\"wpcf7-form-control wpcf7-text wpcf7-validates-as-required cf7-cep-autofill__rua\" aria-required=\"true\" aria-invalid=\"false\" placeholder=\"Direcci\u00f3n*\" \/><\/span>\n  <\/div>\n<div class=\"cols cols__three\">\n    <span class=\"wpcf7-form-control-wrap numero\"><input type=\"number\" name=\"numero\" value=\"\" class=\"wpcf7-form-control wpcf7-number wpcf7-validates-as-required wpcf7-validates-as-number\" aria-required=\"true\" aria-invalid=\"false\" placeholder=\"N\u00famero*\" \/><\/span>\n  <\/div>\n<div class=\"cols cols__three\">\n    <span class=\"wpcf7-form-control-wrap complemento\"><input type=\"text\" name=\"complemento\" value=\"\" size=\"40\" class=\"wpcf7-form-control wpcf7-text wpcf7-validates-as-required\" aria-required=\"true\" aria-invalid=\"false\" placeholder=\"Complemento\" \/><\/span>\n  <\/div>\n<div class=\"cols cols__four\">\n    <span class=\"wpcf7-form-control-wrap estado\"><input type=\"text\" name=\"estado\" value=\"\" size=\"40\" class=\"wpcf7-form-control wpcf7-text wpcf7-validates-as-required cf7-cep-autofill__uf\" aria-required=\"true\" aria-invalid=\"false\" placeholder=\"Estado*\" \/><\/span>\n  <\/div>\n<div class=\"cols cols__eight\">\n    <span class=\"wpcf7-form-control-wrap cidade\"><input type=\"text\" name=\"cidade\" value=\"\" size=\"40\" class=\"wpcf7-form-control wpcf7-text wpcf7-validates-as-required cf7-cep-autofill__cidade\" aria-required=\"true\" aria-invalid=\"false\" placeholder=\"Ciudad*\" \/><\/span>\n  <\/div>\n<div class=\"cols cols__six\">\n    <span class=\"wpcf7-form-control-wrap email\"><input type=\"email\" name=\"email\" value=\"\" size=\"40\" class=\"wpcf7-form-control wpcf7-text wpcf7-email wpcf7-validates-as-required wpcf7-validates-as-email\" aria-required=\"true\" aria-invalid=\"false\" placeholder=\"Correo electr\u00f3nico*\" \/><\/span>\n  <\/div>\n<div class=\"cols cols__three\">\n    <span class=\"wpcf7-form-control-wrap telefone\"><input type=\"tel\" name=\"telefone\" value=\"\" size=\"40\" class=\"wpcf7-form-control wpcf7-text wpcf7-tel wpcf7-validates-as-tel phone\" aria-invalid=\"false\" placeholder=\"Tel\u00e9fono\" \/><\/span>\n  <\/div>\n<div class=\"cols cols__three\">\n    <span class=\"wpcf7-form-control-wrap celular\"><input type=\"tel\" name=\"celular\" value=\"\" size=\"40\" class=\"wpcf7-form-control wpcf7-text wpcf7-tel wpcf7-validates-as-required wpcf7-validates-as-tel phone\" aria-required=\"true\" aria-invalid=\"false\" placeholder=\"Celular*\" \/><\/span>\n  <\/div>\n<div class=\"cols cols__six\">\n    <span class=\"wpcf7-form-control-wrap estado-civil\"><input type=\"text\" name=\"estado-civil\" value=\"\" size=\"40\" class=\"wpcf7-form-control wpcf7-text wpcf7-validates-as-required\" aria-required=\"true\" aria-invalid=\"false\" placeholder=\"Estado Civil*\" \/><\/span>\n  <\/div>\n<div class=\"cols cols__three\">\n    <span class=\"wpcf7-form-control-wrap pcd\"><select name=\"pcd\" class=\"wpcf7-form-control wpcf7-select\" aria-invalid=\"false\"><option value=\"\">PCD (Pessoa com Defici\u00eancia)<\/option><option value=\"S\u00ed\">S\u00ed<\/option><option value=\"No\">No<\/option><\/select><\/span>\n  <\/div>\n<div class=\"cols cols__six\">\n    <span class=\"wpcf7-form-control-wrap ex-josapar\"><select name=\"ex-josapar\" class=\"wpcf7-form-control wpcf7-select wpcf7-validates-as-required\" aria-required=\"true\" aria-invalid=\"false\"><option value=\"\">Trabaj\u00f3 en Josapar*<\/option><option value=\"S\u00ed\">S\u00ed<\/option><option value=\"No\">No<\/option><\/select><\/span>\n  <\/div>\n<div class=\"cols cols__six\">\n    <span class=\"wpcf7-form-control-wrap situacao-profissional\"><select name=\"situacao-profissional\" class=\"wpcf7-form-control wpcf7-select wpcf7-validates-as-required\" aria-required=\"true\" aria-invalid=\"false\"><option value=\"\">Situaci\u00f3n Profesional Actual*<\/option><option value=\"Empregado\">Empregado<\/option><option value=\"Desempregado\">Desempregado<\/option><option value=\"Aut\u00f4nomo\">Aut\u00f4nomo<\/option><option value=\"Estudante\">Estudante<\/option><\/select><\/span>\n  <\/div>\n<div class=\"cols cols__six\">\n    <span class=\"wpcf7-form-control-wrap atuacao\"><select name=\"atuacao\" class=\"wpcf7-form-control wpcf7-select wpcf7-validates-as-required combo select0\" id=\"atuacao\" aria-required=\"true\" aria-invalid=\"false\"><option value=\"\">\u00c1rea de actuaci\u00f3n*<\/option><option value=\"T\u00e9cnologia da Informa\u00e7\u00e3o\">T\u00e9cnologia da Informa\u00e7\u00e3o<\/option><option value=\"Recursos Humanos\">Recursos Humanos<\/option><option value=\"Contabilidade\">Contabilidade<\/option><option value=\"Financeiro\">Financeiro<\/option><option value=\"Administrativo\">Administrativo<\/option><option value=\"Fiscal\">Fiscal<\/option><option value=\"Comercial\">Comercial<\/option><option value=\"Marketing\">Marketing<\/option><option value=\"Log\u00edstica\">Log\u00edstica<\/option><option value=\"Ind\u00fastria\">Ind\u00fastria<\/option><option value=\"Outras\">Outras<\/option><\/select><\/span>\n  <\/div>\n<div class=\"cols cols__six\">\n<div data-id=\"group-func-ti\" data-orig_data_id=\"group-func-ti\"  data-class=\"wpcf7cf_group\">\n<span class=\"wpcf7-form-control-wrap funcao_ti\"><select name=\"funcao_ti\" class=\"wpcf7-form-control wpcf7-select combo select0\" id=\"funcao_ti\" aria-invalid=\"false\"><option value=\"Fun\u00e7\u00e3o\">Fun\u00e7\u00e3o<\/option><option value=\"Estagi\u00e1rio\">Estagi\u00e1rio<\/option><option value=\"Trainee\">Trainee<\/option><option value=\"Assistente\">Assistente<\/option><option value=\"Auxiliar\">Auxiliar<\/option><option value=\"Desenvolvedor de Sistemas\">Desenvolvedor de Sistemas<\/option><option value=\"Outras\">Outras<\/option><\/select><\/span>\n<\/div>\n<div data-id=\"group-func-rh\" data-orig_data_id=\"group-func-rh\"  data-class=\"wpcf7cf_group\">\n<span class=\"wpcf7-form-control-wrap funcao_rh\"><select name=\"funcao_rh\" class=\"wpcf7-form-control wpcf7-select combo select0\" id=\"funcao_rh\" aria-invalid=\"false\"><option value=\"Fun\u00e7\u00e3o\">Fun\u00e7\u00e3o<\/option><option value=\"Estagi\u00e1rio\">Estagi\u00e1rio<\/option><option value=\"Trainee\">Trainee<\/option><option value=\"Assistente\">Assistente<\/option><option value=\"Auxiliar\">Auxiliar<\/option><option value=\"Outras\">Outras<\/option><\/select><\/span>\n<\/div>\n<div data-id=\"group-func-cont\" data-orig_data_id=\"group-func-cont\"  data-class=\"wpcf7cf_group\">\n<span class=\"wpcf7-form-control-wrap funcao_cont\"><select name=\"funcao_cont\" class=\"wpcf7-form-control wpcf7-select combo select0\" id=\"funcao_cont\" aria-invalid=\"false\"><option value=\"Fun\u00e7\u00e3o\">Fun\u00e7\u00e3o<\/option><option value=\"Contabilidade\">Contabilidade<\/option><option value=\"Estagi\u00e1rio\">Estagi\u00e1rio<\/option><option value=\"Trainee\">Trainee<\/option><option value=\"Assistente\">Assistente<\/option><option value=\"Auxiliar\">Auxiliar<\/option><option value=\"Outras\">Outras<\/option><\/select><\/span>\n<\/div>\n<div data-id=\"group-func-fin\" data-orig_data_id=\"group-func-fin\"  data-class=\"wpcf7cf_group\">\n<span class=\"wpcf7-form-control-wrap funcao_fin\"><select name=\"funcao_fin\" class=\"wpcf7-form-control wpcf7-select combo select0\" id=\"funcao_fin\" aria-invalid=\"false\"><option value=\"Fun\u00e7\u00e3o\">Fun\u00e7\u00e3o<\/option><option value=\"Estagi\u00e1rio\">Estagi\u00e1rio<\/option><option value=\"Trainee\">Trainee<\/option><option value=\"Assistente\">Assistente<\/option><option value=\"Auxiliar\">Auxiliar<\/option><option value=\"Gerente Financeiro\">Gerente Financeiro<\/option><option value=\"Outras\">Outras<\/option><\/select><\/span>\n<\/div>\n<div data-id=\"group-func-adm\" data-orig_data_id=\"group-func-adm\"  data-class=\"wpcf7cf_group\">\n<span class=\"wpcf7-form-control-wrap funcao_adm\"><select name=\"funcao_adm\" class=\"wpcf7-form-control wpcf7-select combo select0\" id=\"funcao_adm\" aria-invalid=\"false\"><option value=\"Fun\u00e7\u00e3o\">Fun\u00e7\u00e3o<\/option><option value=\"Estagi\u00e1rio\">Estagi\u00e1rio<\/option><option value=\"Trainee\">Trainee<\/option><option value=\"Assistente\">Assistente<\/option><option value=\"Auxiliar Administrativo\">Auxiliar Administrativo<\/option><option value=\"Atend ao Consumidor\">Atend ao Consumidor<\/option><option value=\"Outras\">Outras<\/option><\/select><\/span>\n<\/div>\n<div data-id=\"group-func-fs\" data-orig_data_id=\"group-func-fs\"  data-class=\"wpcf7cf_group\">\n<span class=\"wpcf7-form-control-wrap funcao_fs\"><select name=\"funcao_fs\" class=\"wpcf7-form-control wpcf7-select combo select0\" id=\"funcao_fs\" aria-invalid=\"false\"><option value=\"Fun\u00e7\u00e3o\">Fun\u00e7\u00e3o<\/option><option value=\"Estagi\u00e1rio\">Estagi\u00e1rio<\/option><option value=\"Trainee\">Trainee<\/option><option value=\"Assistente\">Assistente<\/option><option value=\"Auxiliar\">Auxiliar<\/option><option value=\"Outras\">Outras<\/option><\/select><\/span>\n<\/div>\n<div data-id=\"group-func-com\" data-orig_data_id=\"group-func-com\"  data-class=\"wpcf7cf_group\">\n<span class=\"wpcf7-form-control-wrap funcao_com\"><select name=\"funcao_com\" class=\"wpcf7-form-control wpcf7-select combo select0\" id=\"funcao_com\" aria-invalid=\"false\"><option value=\"Fun\u00e7\u00e3o\">Fun\u00e7\u00e3o<\/option><option value=\"Estagi\u00e1rio\">Estagi\u00e1rio<\/option><option value=\"Trainee\">Trainee<\/option><option value=\"Assistente\">Assistente<\/option><option value=\"Auxiliar\">Auxiliar<\/option><option value=\"Key Accounts\">Key Accounts<\/option><option value=\"Representante Comercial\">Representante Comercial<\/option><option value=\"Supervisor de Vendas\">Supervisor de Vendas<\/option><option value=\"Supervisor Prom\/Merchandising\">Supervisor Prom\/Merchandising<\/option><option value=\"Trade Marketing\">Trade Marketing<\/option><option value=\"Outras\">Outras<\/option><\/select><\/span>\n<\/div>\n<div data-id=\"group-func-mkt\" data-orig_data_id=\"group-func-mkt\"  data-class=\"wpcf7cf_group\">\n<span class=\"wpcf7-form-control-wrap funcao_mkt\"><select name=\"funcao_mkt\" class=\"wpcf7-form-control wpcf7-select combo select0\" id=\"funcao_mkt\" aria-invalid=\"false\"><option value=\"Fun\u00e7\u00e3o\">Fun\u00e7\u00e3o<\/option><option value=\"Estagi\u00e1rio\">Estagi\u00e1rio<\/option><option value=\"Trainee\">Trainee<\/option><option value=\"Assistente\">Assistente<\/option><option value=\"Auxiliar\">Auxiliar<\/option><option value=\"Outras\">Outras<\/option><\/select><\/span>\n<\/div>\n<div data-id=\"group-func-lg\" data-orig_data_id=\"group-func-lg\"  data-class=\"wpcf7cf_group\">\n<span class=\"wpcf7-form-control-wrap funcao_lg\"><select name=\"funcao_lg\" class=\"wpcf7-form-control wpcf7-select combo select0\" id=\"funcao_lg\" aria-invalid=\"false\"><option value=\"Fun\u00e7\u00e3o\">Fun\u00e7\u00e3o<\/option><option value=\"Estagi\u00e1rio\">Estagi\u00e1rio<\/option><option value=\"Trainee\">Trainee<\/option><option value=\"Assistente\">Assistente<\/option><option value=\"Auxiliar\">Auxiliar<\/option><option value=\"Sup. de Log. de Distribui\u00e7\u00e3o\">Sup. de Log. de Distribui\u00e7\u00e3o<\/option><option value=\"Supervisor de Log\u00edstica\">Supervisor de Log\u00edstica<\/option><option value=\"Outras\">Outras<\/option><\/select><\/span>\n<\/div>\n<div data-id=\"group-func-ind\" data-orig_data_id=\"group-func-ind\"  data-class=\"wpcf7cf_group\">\n<span class=\"wpcf7-form-control-wrap funcao_ind\"><select name=\"funcao_ind\" class=\"wpcf7-form-control wpcf7-select combo select0\" id=\"funcao_ind\" aria-invalid=\"false\"><option value=\"Fun\u00e7\u00e3o\">Fun\u00e7\u00e3o<\/option><option value=\"Estagi\u00e1rio\">Estagi\u00e1rio<\/option><option value=\"Servi\u00e7os Gerais\">Servi\u00e7os Gerais<\/option><option value=\"Auditora da Qualidade\">Auditora da Qualidade<\/option><option value=\"Engenheiro Processo\">Engenheiro Processo<\/option><option value=\"T\u00e9cnico\">T\u00e9cnico<\/option><option value=\"Supervisor Industrial\">Supervisor Industrial<\/option><option value=\"Gerente Industrial\">Gerente Industrial<\/option><option value=\"Gerente de Pesquisa e Desenvolvimento\">Gerente de Pesquisa e Desenvolvimento<\/option><option value=\"Supervisor Industrial\">Supervisor Industrial<\/option><option value=\"Outras\">Outras<\/option><\/select><\/span>\n<\/div>\n<\/div>\n<div class=\"cols cols__full\">\n<div class=\"upload-container\">\n       <label for=\"anexo\">Adjuntar curr\u00edculum v\u00edtae<\/label><span class=\"wpcf7-form-control-wrap anexo\"><input type=\"file\" name=\"anexo\" size=\"40\" class=\"wpcf7-form-control wpcf7-file wpcf7-validates-as-required upload\" id=\"anexo\" accept=\".pdf,.jpg,.png,.doc,.docx\" aria-required=\"true\" aria-invalid=\"false\" \/><\/span>\n    <\/div>\n<\/div>\n<div class=\"cols cols__full\">\n    <span class=\"wpcf7-form-control-wrap observacao\"><textarea name=\"observacao\" cols=\"40\" rows=\"10\" maxlength=\"100\" class=\"wpcf7-form-control wpcf7-textarea wpcf7-validates-as-required\" aria-required=\"true\" aria-invalid=\"false\" placeholder=\"Observaci\u00f3n. (m\u00e1x. 500 caracteres)*\"><\/textarea><\/span>\n  <\/div>\n<div class=\"cols__five center news-check\">\n  <span class=\"wpcf7-form-control-wrap accpet-politica\"><span class=\"wpcf7-form-control wpcf7-acceptance\"><span class=\"wpcf7-list-item\"><label><input type=\"checkbox\" name=\"accpet-politica\" value=\"1\" aria-invalid=\"false\" \/><span class=\"wpcf7-list-item-label\">Confirmo que conozco y acepto el env\u00edo de datos de acuerdo con la <a href=\"https:\/\/josapar.com.br\/politica-de-privacidade\/\" target= \"_blank\" rel=\"noreferrer noopener\">Pol\u00edtica de privacidade de Josapar.<\/a><\/span><\/label><\/span><\/span><\/span>\n<\/div>\n<div class=\"cols__full required-notice\">\n<p class=\"center\">*Campos obligatorios <\/p>\n<\/div>\n<div class=\"cols__full\">\n<div class=\"cols__five center\">\n    <input type=\"submit\" value=\"enviar\" class=\"wpcf7-form-control has-spinner wpcf7-submit btn btn--red btn--full\" \/>\n    <\/div>\n<\/div>\n<\/div>\n<div class=\"wpcf7-response-output\" aria-hidden=\"true\"><\/div><\/form><\/div>\n\n\n\n<p><\/p>\n","protected":false},"excerpt":{"rendered":"","protected":false},"author":2,"featured_media":0,"parent":0,"menu_order":0,"comment_status":"closed","ping_status":"closed","template":"","meta":[],"_links":{"self":[{"href":"https:\/\/josapar.com.br\/es\/wp-json\/wp\/v2\/pages\/5218"}],"collection":[{"href":"https:\/\/josapar.com.br\/es\/wp-json\/wp\/v2\/pages"}],"about":[{"href":"https:\/\/josapar.com.br\/es\/wp-json\/wp\/v2\/types\/page"}],"author":[{"embeddable":true,"href":"https:\/\/josapar.com.br\/es\/wp-json\/wp\/v2\/users\/2"}],"replies":[{"embeddable":true,"href":"https:\/\/josapar.com.br\/es\/wp-json\/wp\/v2\/comments?post=5218"}],"version-history":[{"count":11,"href":"https:\/\/josapar.com.br\/es\/wp-json\/wp\/v2\/pages\/5218\/revisions"}],"predecessor-version":[{"id":15612,"href":"https:\/\/josapar.com.br\/es\/wp-json\/wp\/v2\/pages\/5218\/revisions\/15612"}],"wp:attachment":[{"href":"https:\/\/josapar.com.br\/es\/wp-json\/wp\/v2\/media?parent=5218"}],"curies":[{"name":"wp","href":"https:\/\/api.w.org\/{rel}","templated":true}]}}