{"id":5213,"date":"2019-10-01T23:36:39","date_gmt":"2019-10-02T02:36:39","guid":{"rendered":"http:\/\/josapar.com.br\/?page_id=5213"},"modified":"2022-02-10T13:48:01","modified_gmt":"2022-02-10T16:48:01","slug":"fale-conosco","status":"publish","type":"page","link":"https:\/\/josapar.com.br\/es\/fale-conosco\/","title":{"rendered":"Hables con nosotros"},"content":{"rendered":"\n<p>Env\u00ede su mensaje con sugerencias, preguntas, cr\u00edticas y elogios. Si lo prefiere, cont\u00e1ctenos al tel\u00e9fono 0800 053 1800.\u00a0<\/p>\n\n\n\n<p>Otros tel\u00e9fonos:<br>Pelotas: (53) 3284-1000 \u00a0| \u00a0Itaqui: (55) 3433-9500 \u00a0| \u00a0Recife: (81) 2101-4455<br>Porto Alegre: (51) 3327-3200<\/p>\n\n\n<div role=\"form\" class=\"wpcf7\" id=\"wpcf7-f5212-o1\" lang=\"pt-BR\" dir=\"ltr\">\n<div class=\"screen-reader-response\"><p role=\"status\" aria-live=\"polite\" aria-atomic=\"true\"><\/p> <ul><\/ul><\/div>\n<form action=\"\/es\/wp-json\/wp\/v2\/pages\/5213#wpcf7-f5212-o1\" method=\"post\" class=\"wpcf7-form init\" novalidate=\"novalidate\" data-status=\"init\">\n<div style=\"display: none;\">\n<input type=\"hidden\" name=\"_wpcf7\" value=\"5212\" \/>\n<input type=\"hidden\" name=\"_wpcf7_version\" value=\"5.5.4\" \/>\n<input type=\"hidden\" name=\"_wpcf7_locale\" value=\"pt_BR\" \/>\n<input type=\"hidden\" name=\"_wpcf7_unit_tag\" value=\"wpcf7-f5212-o1\" \/>\n<input type=\"hidden\" name=\"_wpcf7_container_post\" value=\"0\" \/>\n<input type=\"hidden\" name=\"_wpcf7_posted_data_hash\" value=\"\" \/>\n<input type=\"hidden\" name=\"_wpcf7cf_hidden_group_fields\" value=\"\" \/>\n<input type=\"hidden\" name=\"_wpcf7cf_hidden_groups\" value=\"\" \/>\n<input type=\"hidden\" name=\"_wpcf7cf_visible_groups\" value=\"\" \/>\n<input type=\"hidden\" name=\"_wpcf7cf_repeaters\" value=\"[]\" \/>\n<input type=\"hidden\" name=\"_wpcf7cf_steps\" value=\"{}\" \/>\n<input type=\"hidden\" name=\"_wpcf7cf_options\" value=\"{&quot;form_id&quot;:5212,&quot;conditions&quot;:[{&quot;then_field&quot;:&quot;pessoa-cpf&quot;,&quot;and_rules&quot;:[{&quot;if_field&quot;:&quot;pessoa&quot;,&quot;operator&quot;:&quot;equals&quot;,&quot;if_value&quot;:&quot;Persona F\\u00edsica&quot;}]},{&quot;then_field&quot;:&quot;pessoa-cnpj&quot;,&quot;and_rules&quot;:[{&quot;if_field&quot;:&quot;pessoa&quot;,&quot;operator&quot;:&quot;equals&quot;,&quot;if_value&quot;:&quot;Persona Jur\\u00eddica&quot;}]},{&quot;then_field&quot;:&quot;assunto-fisica&quot;,&quot;and_rules&quot;:[{&quot;if_field&quot;:&quot;pessoa&quot;,&quot;operator&quot;:&quot;equals&quot;,&quot;if_value&quot;:&quot;Persona F\\u00edsica&quot;}]},{&quot;then_field&quot;:&quot;assunto-juridica&quot;,&quot;and_rules&quot;:[{&quot;if_field&quot;:&quot;pessoa&quot;,&quot;operator&quot;:&quot;equals&quot;,&quot;if_value&quot;:&quot;Persona Jur\\u00eddica&quot;}]}],&quot;settings&quot;:{&quot;animation&quot;:&quot;yes&quot;,&quot;animation_intime&quot;:200,&quot;animation_outtime&quot;:200,&quot;conditions_ui&quot;:&quot;normal&quot;,&quot;notice_dismissed&quot;:false}}\" \/>\n<\/div>\n<div class=\"wrapper\">\n<div class=\"cols cols__three\">\n  <span class=\"wpcf7-form-control-wrap pessoa\"><select name=\"pessoa\" class=\"wpcf7-form-control wpcf7-select wpcf7-validates-as-required\" aria-required=\"true\" aria-invalid=\"false\"><option value=\"Persona F\u00edsica\">Persona F\u00edsica<\/option><option value=\"Persona Jur\u00eddica\">Persona Jur\u00eddica<\/option><\/select><\/span>\n<\/div>\n<div class=\"cols cols__nine\">\n<div class=\"wrapper\">\n<div data-id=\"pessoa-cpf\" data-orig_data_id=\"pessoa-cpf\" data-clear_on_hide data-class=\"wpcf7cf_group\">\n<div class=\"cols cols__six\">\n  <span class=\"wpcf7-form-control-wrap nome\"><input type=\"text\" name=\"nome\" value=\"\" size=\"40\" class=\"wpcf7-form-control wpcf7-text wpcf7-validates-as-required\" aria-required=\"true\" aria-invalid=\"false\" placeholder=\"Nombre completo*\" \/><\/span>\n<\/div>\n<div class=\"cols cols__six\">\n  <span class=\"wpcf7-form-control-wrap cpf\"><input type=\"text\" name=\"cpf\" value=\"\" size=\"40\" class=\"wpcf7-form-control wpcf7-text cpf\" aria-invalid=\"false\" placeholder=\"CPF\" \/><\/span>\n<\/div>\n<\/div>\n<div data-id=\"pessoa-cnpj\" data-orig_data_id=\"pessoa-cnpj\" data-clear_on_hide data-class=\"wpcf7cf_group\">\n<div class=\"cols cols__six\">\n  <span class=\"wpcf7-form-control-wrap representante\"><input type=\"text\" name=\"representante\" value=\"\" size=\"40\" class=\"wpcf7-form-control wpcf7-text wpcf7-validates-as-required\" aria-required=\"true\" aria-invalid=\"false\" placeholder=\"Representante*\" \/><\/span>\n<\/div>\n<div class=\"cols cols__six\">\n<span class=\"wpcf7-form-control-wrap cnpj\"><input type=\"text\" name=\"cnpj\" value=\"\" size=\"40\" class=\"wpcf7-form-control wpcf7-text wpcf7-validates-as-required cnpj\" aria-required=\"true\" aria-invalid=\"false\" placeholder=\"CNPJ*\" \/><\/span>\n<\/div>\n<\/div>\n<\/div>\n<\/div>\n<div class=\"cols cols__four\">\n  <span class=\"wpcf7-form-control-wrap cep\"><input type=\"text\" name=\"cep\" value=\"\" size=\"40\" class=\"wpcf7-form-control wpcf7-text wpcf7-validates-as-required cf7-cep-autofill\" aria-required=\"true\" aria-invalid=\"false\" placeholder=\"C\u00f3digo postal*\" \/><\/span>\n<\/div>\n<div class=\"cols cols__six\">\n  <span class=\"wpcf7-form-control-wrap endereco\"><input type=\"text\" name=\"endereco\" value=\"\" size=\"40\" class=\"wpcf7-form-control wpcf7-text wpcf7-validates-as-required cf7-cep-autofill__rua\" aria-required=\"true\" aria-invalid=\"false\" placeholder=\"Direcci\u00f3n*\" \/><\/span>\n<\/div>\n<div class=\"cols cols__three\">\n  <span class=\"wpcf7-form-control-wrap numero\"><input type=\"number\" name=\"numero\" value=\"\" class=\"wpcf7-form-control wpcf7-number wpcf7-validates-as-required wpcf7-validates-as-number\" aria-required=\"true\" aria-invalid=\"false\" placeholder=\"N\u00famero*\" \/><\/span>\n<\/div>\n<div class=\"cols cols__three\">\n  <span class=\"wpcf7-form-control-wrap complemento\"><input type=\"text\" name=\"complemento\" value=\"\" size=\"40\" class=\"wpcf7-form-control wpcf7-text\" aria-invalid=\"false\" placeholder=\"Complemento\" \/><\/span>\n<\/div>\n<div class=\"cols cols__four\">\n  <span class=\"wpcf7-form-control-wrap estado\"><input type=\"text\" name=\"estado\" value=\"\" size=\"40\" class=\"wpcf7-form-control wpcf7-text wpcf7-validates-as-required cf7-cep-autofill__uf\" aria-required=\"true\" aria-invalid=\"false\" placeholder=\"Estado*\" \/><\/span>\n<\/div>\n<div class=\"cols cols__eight\">\n  <span class=\"wpcf7-form-control-wrap cidade\"><input type=\"text\" name=\"cidade\" value=\"\" size=\"40\" class=\"wpcf7-form-control wpcf7-text wpcf7-validates-as-required cf7-cep-autofill__cidade\" aria-required=\"true\" aria-invalid=\"false\" placeholder=\"Ciudad*\" \/><\/span>\n<\/div>\n<div class=\"cols cols__six\">\n  <span class=\"wpcf7-form-control-wrap email\"><input type=\"email\" name=\"email\" value=\"\" size=\"40\" class=\"wpcf7-form-control wpcf7-text wpcf7-email wpcf7-validates-as-required wpcf7-validates-as-email\" aria-required=\"true\" aria-invalid=\"false\" placeholder=\"Correo electr\u00f3nico*\" \/><\/span>\n<\/div>\n<div class=\"cols cols__three\">\n  <span class=\"wpcf7-form-control-wrap telefone\"><input type=\"tel\" name=\"telefone\" value=\"\" size=\"40\" class=\"wpcf7-form-control wpcf7-text wpcf7-tel wpcf7-validates-as-required wpcf7-validates-as-tel phone\" aria-required=\"true\" aria-invalid=\"false\" placeholder=\"Tel\u00e9fono*\" \/><\/span>\n<\/div>\n<div class=\"cols cols__three\">\n  <span class=\"wpcf7-form-control-wrap celular\"><input type=\"tel\" name=\"celular\" value=\"\" size=\"40\" class=\"wpcf7-form-control wpcf7-text wpcf7-tel wpcf7-validates-as-required wpcf7-validates-as-tel phone\" aria-required=\"true\" aria-invalid=\"false\" placeholder=\"Celular*\" \/><\/span>\n<\/div>\n<div data-id=\"assunto-fisica\" data-orig_data_id=\"assunto-fisica\" data-clear_on_hide data-class=\"wpcf7cf_group\">\n<div class=\"cols cols__full\">\n  <span class=\"wpcf7-form-control-wrap assunto_fisica\"><select name=\"assunto_fisica\" class=\"wpcf7-form-control wpcf7-select wpcf7-validates-as-required combo select0\" id=\"select_fisica\" aria-required=\"true\" aria-invalid=\"false\"><option value=\"Elige un asunto\">Elige un asunto<\/option><option value=\"Cr\u00edticas\">Cr\u00edticas<\/option><option value=\"Distribui\u00e7\u00e3o\">Distribui\u00e7\u00e3o<\/option><option value=\"Doa\u00e7\u00f5es\">Doa\u00e7\u00f5es<\/option><option value=\"D\u00favidas\">D\u00favidas<\/option><option value=\"Elogios\">Elogios<\/option><option value=\"Insumos\">Insumos<\/option><option value=\"Investidores\">Investidores<\/option><option value=\"Patroc\u00ednios\">Patroc\u00ednios<\/option><option value=\"Produtos\">Produtos<\/option><option value=\"Promo\u00e7\u00f5es\">Promo\u00e7\u00f5es<\/option><option value=\"Receitas\">Receitas<\/option><option value=\"Recursos Humanos\">Recursos Humanos<\/option><option value=\"Representantes\">Representantes<\/option><option value=\"Outros\">Outros<\/option><\/select><\/span>\n<\/div>\n<\/div>\n<div data-id=\"assunto-juridica\" data-orig_data_id=\"assunto-juridica\" data-clear_on_hide data-class=\"wpcf7cf_group\">\n<div class=\"cols cols__full\">\n  <span class=\"wpcf7-form-control-wrap assunto_juridica\"><select name=\"assunto_juridica\" class=\"wpcf7-form-control wpcf7-select wpcf7-validates-as-required combo select0\" id=\"select_juridica\" aria-required=\"true\" aria-invalid=\"false\"><option value=\"Escolha um assunto\">Escolha um assunto<\/option><option value=\"Supermercadista\">Supermercadista<\/option><option value=\"Atacado\">Atacado<\/option><option value=\"Loja de conveni\u00eancia\">Loja de conveni\u00eancia<\/option><option value=\"Armaz\u00e9m\">Armaz\u00e9m<\/option><option value=\"Minimercado\">Minimercado<\/option><option value=\"Loja produtos naturais\">Loja produtos naturais<\/option><option value=\"Restaurante\">Restaurante<\/option><option value=\"Hotel\">Hotel<\/option><option value=\"Cozinha industrial\">Cozinha industrial<\/option><option value=\"Padaria\">Padaria<\/option><option value=\"Farm\u00e1cia\">Farm\u00e1cia<\/option><option value=\"Outros\">Outros<\/option><\/select><\/span>\n<\/div>\n<\/div>\n<div class=\"cols cols__full\">\n  <span class=\"wpcf7-form-control-wrap mensagem\"><textarea name=\"mensagem\" cols=\"40\" rows=\"10\" class=\"wpcf7-form-control wpcf7-textarea wpcf7-validates-as-required\" aria-required=\"true\" aria-invalid=\"false\" placeholder=\"Mensaje*\"><\/textarea><\/span>\n<\/div>\n<div class=\"cols__full required-notice\">\n<p class=\"center\">*Campos obligatorios<\/p>\n<\/div>\n<div class=\"cols__full\">\n<div class=\"cols__five center news-check\">\n  <span class=\"wpcf7-form-control-wrap news-check\"><span class=\"wpcf7-form-control wpcf7-acceptance optional\"><span class=\"wpcf7-list-item\"><label><input type=\"checkbox\" name=\"news-check\" value=\"1\" aria-invalid=\"false\" \/><span class=\"wpcf7-list-item-label\">Me gustar\u00eda recibir noticias de Josapar en mi email<\/span><\/label><\/span><\/span><\/span>\n<\/div>\n<div class=\"cols__five center news-check\">\n  <span class=\"wpcf7-form-control-wrap accpet-politica\"><span class=\"wpcf7-form-control wpcf7-acceptance\"><span class=\"wpcf7-list-item\"><label><input type=\"checkbox\" name=\"accpet-politica\" value=\"1\" aria-invalid=\"false\" \/><span class=\"wpcf7-list-item-label\">CConfirmo que conozco y acepto el env\u00edo de datos de acuerdo con la  <a href=\"https:\/\/josapar.com.br\/politica-de-privacidade\/\" target= \"_blank\" rel=\"noreferrer noopener\">pol\u00edtica de privacidad de Josapar. <\/a><\/span><\/label><\/span><\/span><\/span>\n<\/div>\n<\/div>\n<div class=\"cols__full\">\n<div class=\"cols__five center\">\n<input type=\"submit\" value=\"enviar\" class=\"wpcf7-form-control has-spinner wpcf7-submit btn btn--red btn--full\" \/>\n<\/div>\n<\/div>\n<\/div>\n<div class=\"wpcf7-response-output\" aria-hidden=\"true\"><\/div><\/form><\/div>\n","protected":false},"excerpt":{"rendered":"","protected":false},"author":2,"featured_media":0,"parent":0,"menu_order":0,"comment_status":"closed","ping_status":"closed","template":"","meta":[],"_links":{"self":[{"href":"https:\/\/josapar.com.br\/es\/wp-json\/wp\/v2\/pages\/5213"}],"collection":[{"href":"https:\/\/josapar.com.br\/es\/wp-json\/wp\/v2\/pages"}],"about":[{"href":"https:\/\/josapar.com.br\/es\/wp-json\/wp\/v2\/types\/page"}],"author":[{"embeddable":true,"href":"https:\/\/josapar.com.br\/es\/wp-json\/wp\/v2\/users\/2"}],"replies":[{"embeddable":true,"href":"https:\/\/josapar.com.br\/es\/wp-json\/wp\/v2\/comments?post=5213"}],"version-history":[{"count":7,"href":"https:\/\/josapar.com.br\/es\/wp-json\/wp\/v2\/pages\/5213\/revisions"}],"predecessor-version":[{"id":15613,"href":"https:\/\/josapar.com.br\/es\/wp-json\/wp\/v2\/pages\/5213\/revisions\/15613"}],"wp:attachment":[{"href":"https:\/\/josapar.com.br\/es\/wp-json\/wp\/v2\/media?parent=5213"}],"curies":[{"name":"wp","href":"https:\/\/api.w.org\/{rel}","templated":true}]}}