{"id":4874,"date":"2019-10-01T17:12:14","date_gmt":"2019-10-01T20:12:14","guid":{"rendered":"http:\/\/josapar.com.br\/?page_id=4874"},"modified":"2020-09-11T17:47:45","modified_gmt":"2020-09-11T20:47:45","slug":"investidores","status":"publish","type":"page","link":"https:\/\/josapar.com.br\/en\/investidores\/","title":{"rendered":"Investidores"},"content":{"rendered":"\n<h2>identifica\u00e7\u00e3o da companhia<\/h2>\n\n\n\n<p>JOSAPAR \u2013 Joaquim Oliveira S\/A Participa\u00e7\u00f5es, Companhia Aberta, com sede na Avenida Carlos Gomes, 651, 5\u00b0 Andar, Bairro Boa Vista, CEP 90480-003, na Cidade de Porto Alegre, Estado do Rio Grande do Sul, inscrita no Cadastro Nacional de Pessoas Jur\u00eddica do Minist\u00e9rio da Fazenda sob o n\u00b0 87.456.562\/0001-22, com seus atos constitutivos arquivados na Junta Comercial do Estado do Rio Grande do Sul sob o NIRE 43.300.009.882, emissor registrado na Categoria A da Comiss\u00e3o de Valores Mobili\u00e1rios em 04\/03\/1988.<\/p>\n\n\n\n<h2>identifica\u00e7\u00e3o das a\u00e7\u00f5es da companhia<\/h2>\n\n\n\n<p>JOPA3 \u2013 Josapar ON JOPA4 \u2013 Josapar PN      <\/p>\n\n\n\n<h2>jornais de divulga\u00e7\u00e3o<\/h2>\n\n\n\n<p>Di\u00e1rio Oficial do Estado do Rio Grande do Sul e Jornal do Com\u00e9rcio do Rio Grande do Sul.<\/p>\n\n\n\n<h2>diretor de rela\u00e7\u00f5es com investidores<\/h2>\n\n\n\n<p>Augusto Lauro de Oliveira Junior, Diretor Vice Presidente da Companhia, e pode ser contatado no endere\u00e7o da sede da Companhia, na Avenida Carlos Gomes, 651, 5\u00b0 Andar, Bairro Boa Vista, CEP 90480-003, na Cidade de Porto Alegre, Estado do Rio Grande do Sul, atrav\u00e9s do telefone \/ fax (51) 3327.3200, ou atrav\u00e9s do endere\u00e7o eletr\u00f4nico <a href=\"mailto:ri@josapar.com.br\">ri@josapar.com.br<\/a>.<\/p>\n\n\n\n<h2>agente custodiante<\/h2>\n\n\n\n<p>Ita\u00fa Corretora de Valores S\/A, localizada na Avenida Brigadeiro Faria Lima, 3.400 \u2013 10\u00ba andar, Bairro Itaim Bibi, CEP 04538-132, S\u00e3o Paulo, SP, telefone (11) 50297780, fax (11) 32745007 op\u00e7\u00e3o 2, endere\u00e7o eletr\u00f4nico <a href=\"mailto:investfone.investimento@itau-unibanco.com.br\">investfone.investimento@itau-unibanco.com.br<\/a>.<\/p>\n\n\n\n<h2>informa\u00e7\u00f5es peri\u00f3dicas e eventuais da companhia<\/h2>\n\n\n\n<p><\/p>\n","protected":false},"excerpt":{"rendered":"","protected":false},"author":2,"featured_media":4876,"parent":0,"menu_order":0,"comment_status":"closed","ping_status":"closed","template":"","meta":[],"_links":{"self":[{"href":"https:\/\/josapar.com.br\/en\/wp-json\/wp\/v2\/pages\/4874"}],"collection":[{"href":"https:\/\/josapar.com.br\/en\/wp-json\/wp\/v2\/pages"}],"about":[{"href":"https:\/\/josapar.com.br\/en\/wp-json\/wp\/v2\/types\/page"}],"author":[{"embeddable":true,"href":"https:\/\/josapar.com.br\/en\/wp-json\/wp\/v2\/users\/2"}],"replies":[{"embeddable":true,"href":"https:\/\/josapar.com.br\/en\/wp-json\/wp\/v2\/comments?post=4874"}],"version-history":[{"count":3,"href":"https:\/\/josapar.com.br\/en\/wp-json\/wp\/v2\/pages\/4874\/revisions"}],"predecessor-version":[{"id":6016,"href":"https:\/\/josapar.com.br\/en\/wp-json\/wp\/v2\/pages\/4874\/revisions\/6016"}],"wp:featuredmedia":[{"embeddable":true,"href":"https:\/\/josapar.com.br\/en\/wp-json\/wp\/v2\/media\/4876"}],"wp:attachment":[{"href":"https:\/\/josapar.com.br\/en\/wp-json\/wp\/v2\/media?parent=4874"}],"curies":[{"name":"wp","href":"https:\/\/api.w.org\/{rel}","templated":true}]}}